{"id":812,"date":"2021-03-30T04:29:33","date_gmt":"2021-03-30T04:29:33","guid":{"rendered":"https:\/\/www.hpuebloviejo.com.ec\/web\/?page_id=812"},"modified":"2021-04-04T03:26:26","modified_gmt":"2021-04-04T03:26:26","slug":"triple","status":"publish","type":"page","link":"https:\/\/www.hpuebloviejo.com.ec\/web\/triple\/","title":{"rendered":"Triple"},"content":{"rendered":"\t\t<div data-elementor-type=\"wp-page\" data-elementor-id=\"812\" class=\"elementor elementor-812\">\n\t\t\t\t\t\t\t\t\t<section class=\"elementor-section elementor-top-section elementor-element elementor-element-7b5b11e elementor-section-boxed elementor-section-height-default elementor-section-height-default\" data-id=\"7b5b11e\" data-element_type=\"section\">\n\t\t\t\t\t\t<div class=\"elementor-container elementor-column-gap-default\">\n\t\t\t\t\t<div class=\"elementor-column elementor-col-100 elementor-top-column elementor-element elementor-element-24482d7\" data-id=\"24482d7\" data-element_type=\"column\">\n\t\t\t<div class=\"elementor-widget-wrap elementor-element-populated\">\n\t\t\t\t\t\t\t\t<div class=\"elementor-element elementor-element-330832d elementor-widget elementor-widget-heading\" data-id=\"330832d\" data-element_type=\"widget\" data-widget_type=\"heading.default\">\n\t\t\t\t<div class=\"elementor-widget-container\">\n\t\t\t<h2 class=\"elementor-heading-title elementor-size-default\">Triple<\/h2>\t\t<\/div>\n\t\t\t\t<\/div>\n\t\t\t\t\t<\/div>\n\t\t<\/div>\n\t\t\t\t\t\t\t<\/div>\n\t\t<\/section>\n\t\t\t\t<section class=\"elementor-section elementor-top-section elementor-element elementor-element-97f6e87 elementor-section-boxed elementor-section-height-default elementor-section-height-default\" data-id=\"97f6e87\" data-element_type=\"section\">\n\t\t\t\t\t\t<div class=\"elementor-container elementor-column-gap-default\">\n\t\t\t\t\t<div class=\"elementor-column elementor-col-100 elementor-top-column elementor-element elementor-element-12dc8860\" data-id=\"12dc8860\" data-element_type=\"column\">\n\t\t\t<div class=\"elementor-widget-wrap elementor-element-populated\">\n\t\t\t\t\t\t\t\t<div class=\"elementor-element elementor-element-4ee74482 elementor-invisible elementor-widget elementor-widget-image-gallery\" data-id=\"4ee74482\" data-element_type=\"widget\" data-settings=\"{&quot;_animation&quot;:&quot;fadeInLeft&quot;}\" data-widget_type=\"image-gallery.default\">\n\t\t\t\t<div class=\"elementor-widget-container\">\n\t\t\t\t\t<div class=\"elementor-image-gallery\">\n\t\t\t<div id='gallery-1' class='gallery galleryid-812 gallery-columns-4 gallery-size-thumbnail'><figure class='gallery-item'>\n\t\t\t<div class='gallery-icon landscape'>\n\t\t\t\t<a data-elementor-open-lightbox=\"yes\" data-elementor-lightbox-slideshow=\"4ee74482\" data-elementor-lightbox-title=\"Triple1\" data-e-action-hash=\"#elementor-action%3Aaction%3Dlightbox%26settings%3DeyJpZCI6NjIwLCJ1cmwiOiJodHRwczpcL1wvd3d3LmhwdWVibG92aWVqby5jb20uZWNcL3dlYlwvd3AtY29udGVudFwvdXBsb2Fkc1wvMjAyMVwvMDNcL1RyaXBsZTEuanBnIiwic2xpZGVzaG93IjoiNGVlNzQ0ODIifQ%3D%3D\" href='https:\/\/www.hpuebloviejo.com.ec\/web\/wp-content\/uploads\/2021\/03\/Triple1.jpg'><img decoding=\"async\" width=\"150\" height=\"150\" src=\"https:\/\/www.hpuebloviejo.com.ec\/web\/wp-content\/uploads\/2021\/03\/Triple1-150x150.jpg\" class=\"attachment-thumbnail size-thumbnail\" alt=\"\" aria-describedby=\"gallery-1-620\" \/><\/a>\n\t\t\t<\/div>\n\t\t\t\t<figcaption class='wp-caption-text gallery-caption' id='gallery-1-620'>\n\t\t\t\tMatrimonial\n\t\t\t\t<\/figcaption><\/figure><figure class='gallery-item'>\n\t\t\t<div class='gallery-icon landscape'>\n\t\t\t\t<a data-elementor-open-lightbox=\"yes\" data-elementor-lightbox-slideshow=\"4ee74482\" data-elementor-lightbox-title=\"DobleTwin1\" data-e-action-hash=\"#elementor-action%3Aaction%3Dlightbox%26settings%3DeyJpZCI6NjAyLCJ1cmwiOiJodHRwczpcL1wvd3d3LmhwdWVibG92aWVqby5jb20uZWNcL3dlYlwvd3AtY29udGVudFwvdXBsb2Fkc1wvMjAyMVwvMDNcL0RvYmxlVHdpbjEuanBnIiwic2xpZGVzaG93IjoiNGVlNzQ0ODIifQ%3D%3D\" href='https:\/\/www.hpuebloviejo.com.ec\/web\/wp-content\/uploads\/2021\/03\/DobleTwin1.jpg'><img decoding=\"async\" width=\"150\" height=\"150\" src=\"https:\/\/www.hpuebloviejo.com.ec\/web\/wp-content\/uploads\/2021\/03\/DobleTwin1-150x150.jpg\" class=\"attachment-thumbnail size-thumbnail\" alt=\"\" aria-describedby=\"gallery-1-602\" \/><\/a>\n\t\t\t<\/div>\n\t\t\t\t<figcaption class='wp-caption-text gallery-caption' id='gallery-1-602'>\n\t\t\t\tMatrimonial\n\t\t\t\t<\/figcaption><\/figure><figure class='gallery-item'>\n\t\t\t<div class='gallery-icon landscape'>\n\t\t\t\t<a data-elementor-open-lightbox=\"yes\" data-elementor-lightbox-slideshow=\"4ee74482\" data-elementor-lightbox-title=\"Matrimonial1\" data-e-action-hash=\"#elementor-action%3Aaction%3Dlightbox%26settings%3DeyJpZCI6NTg1LCJ1cmwiOiJodHRwczpcL1wvd3d3LmhwdWVibG92aWVqby5jb20uZWNcL3dlYlwvd3AtY29udGVudFwvdXBsb2Fkc1wvMjAyMVwvMDNcL01hdHJpbW9uaWFsMS5qcGciLCJzbGlkZXNob3ciOiI0ZWU3NDQ4MiJ9\" href='https:\/\/www.hpuebloviejo.com.ec\/web\/wp-content\/uploads\/2021\/03\/Matrimonial1.jpg'><img decoding=\"async\" width=\"150\" height=\"150\" src=\"https:\/\/www.hpuebloviejo.com.ec\/web\/wp-content\/uploads\/2021\/03\/Matrimonial1-150x150.jpg\" class=\"attachment-thumbnail size-thumbnail\" alt=\"\" aria-describedby=\"gallery-1-585\" \/><\/a>\n\t\t\t<\/div>\n\t\t\t\t<figcaption class='wp-caption-text gallery-caption' id='gallery-1-585'>\n\t\t\t\tMatrimonial\n\t\t\t\t<\/figcaption><\/figure><figure class='gallery-item'>\n\t\t\t<div class='gallery-icon landscape'>\n\t\t\t\t<a data-elementor-open-lightbox=\"yes\" data-elementor-lightbox-slideshow=\"4ee74482\" data-elementor-lightbox-title=\"Habitacion1\" data-e-action-hash=\"#elementor-action%3Aaction%3Dlightbox%26settings%3DeyJpZCI6NTEyLCJ1cmwiOiJodHRwczpcL1wvd3d3LmhwdWVibG92aWVqby5jb20uZWNcL3dlYlwvd3AtY29udGVudFwvdXBsb2Fkc1wvMjAyMVwvMDNcL0hhYml0YWNpb24xLTEuanBnIiwic2xpZGVzaG93IjoiNGVlNzQ0ODIifQ%3D%3D\" href='https:\/\/www.hpuebloviejo.com.ec\/web\/wp-content\/uploads\/2021\/03\/Habitacion1-1.jpg'><img loading=\"lazy\" decoding=\"async\" width=\"150\" height=\"150\" src=\"https:\/\/www.hpuebloviejo.com.ec\/web\/wp-content\/uploads\/2021\/03\/Habitacion1-1-150x150.jpg\" class=\"attachment-thumbnail size-thumbnail\" alt=\"\" aria-describedby=\"gallery-1-512\" \/><\/a>\n\t\t\t<\/div>\n\t\t\t\t<figcaption class='wp-caption-text gallery-caption' id='gallery-1-512'>\n\t\t\t\tMatrimonial\n\t\t\t\t<\/figcaption><\/figure>\n\t\t<\/div>\n\t\t<\/div>\n\t\t\t\t<\/div>\n\t\t\t\t<\/div>\n\t\t\t\t\t<\/div>\n\t\t<\/div>\n\t\t\t\t\t\t\t<\/div>\n\t\t<\/section>\n\t\t\t\t<section class=\"elementor-section elementor-top-section elementor-element elementor-element-17388be1 elementor-section-boxed elementor-section-height-default elementor-section-height-default\" data-id=\"17388be1\" data-element_type=\"section\">\n\t\t\t\t\t\t<div class=\"elementor-container elementor-column-gap-default\">\n\t\t\t\t\t<div class=\"elementor-column elementor-col-100 elementor-top-column elementor-element elementor-element-678f6f79\" data-id=\"678f6f79\" data-element_type=\"column\">\n\t\t\t<div class=\"elementor-widget-wrap elementor-element-populated\">\n\t\t\t\t\t\t\t\t<div class=\"elementor-element elementor-element-4c487139 elementor-widget elementor-widget-text-editor\" data-id=\"4c487139\" data-element_type=\"widget\" data-widget_type=\"text-editor.default\">\n\t\t\t\t<div class=\"elementor-widget-container\">\n\t\t\t\t\t\t\t<p>Con una armoniosa y relajante decoraci\u00f3n en tonos tierra, las habitaciones triples tienen tres camas de dos plazas con vista a los jardines. Suelos de ceramica y madera aportan un ambiente muy acogedor.<\/p><p>Los ba\u00f1os construidos en cer\u00e1mica tipo piedra natural, con ducha, son \u00edntimos y agradables. Habitaciones en la 1\u00aa y 2\u00aa planta. Ocupaci\u00f3n m\u00e1x. 2 personas adultas y 2 ni\u00f1os. Cuna gratuita.<\/p>\t\t\t\t\t\t<\/div>\n\t\t\t\t<\/div>\n\t\t\t\t\t<\/div>\n\t\t<\/div>\n\t\t\t\t\t\t\t<\/div>\n\t\t<\/section>\n\t\t\t\t<section class=\"elementor-section elementor-top-section elementor-element elementor-element-1ce903f1 elementor-section-boxed elementor-section-height-default elementor-section-height-default\" data-id=\"1ce903f1\" data-element_type=\"section\">\n\t\t\t\t\t\t<div class=\"elementor-container elementor-column-gap-default\">\n\t\t\t\t\t<div class=\"elementor-column elementor-col-100 elementor-top-column elementor-element elementor-element-3e06c807\" data-id=\"3e06c807\" data-element_type=\"column\">\n\t\t\t<div class=\"elementor-widget-wrap elementor-element-populated\">\n\t\t\t\t\t\t\t\t<div class=\"elementor-element elementor-element-7e05f067 elementor-widget-divider--separator-type-pattern elementor-widget-divider--view-line elementor-widget elementor-widget-divider\" data-id=\"7e05f067\" data-element_type=\"widget\" data-widget_type=\"divider.default\">\n\t\t\t\t<div class=\"elementor-widget-container\">\n\t\t\t\t\t<div class=\"elementor-divider\" style=\"--divider-pattern-url: url(&quot;data:image\/svg+xml,%3Csvg xmlns=&#039;http:\/\/www.w3.org\/2000\/svg&#039; preserveAspectRatio=&#039;none&#039; overflow=&#039;visible&#039; height=&#039;100%&#039; viewBox=&#039;0 0 20 16&#039; fill=&#039;none&#039; stroke=&#039;black&#039; stroke-width=&#039;1&#039; stroke-linecap=&#039;square&#039; stroke-miterlimit=&#039;10&#039;%3E%3Cg transform=&#039;translate(-12.000000, 0)&#039;%3E%3Cpath d=&#039;M28,0L10,18&#039;\/%3E%3Cpath d=&#039;M18,0L0,18&#039;\/%3E%3Cpath d=&#039;M48,0L30,18&#039;\/%3E%3Cpath d=&#039;M38,0L20,18&#039;\/%3E%3C\/g%3E%3C\/svg%3E&quot;);\">\n\t\t\t<span class=\"elementor-divider-separator\">\n\t\t\t\t\t\t<\/span>\n\t\t<\/div>\n\t\t\t\t<\/div>\n\t\t\t\t<\/div>\n\t\t\t\t<div class=\"elementor-element elementor-element-5edd546d elementor-widget elementor-widget-text-editor\" data-id=\"5edd546d\" data-element_type=\"widget\" data-widget_type=\"text-editor.default\">\n\t\t\t\t<div class=\"elementor-widget-container\">\n\t\t\t\t\t\t\t<h3><strong>Servicios en habitaci\u00f3n:<\/strong>\u00a0<\/h3><ul class=\"servicios\"><li>Wifi Gratuito<\/li><li>Habitaciones libres de humo<\/li><li>Botella de agua de cortes\u00eda\u00a0<\/li><li>Productos de ba\u00f1o, respetuosos con el medio ambiente.<\/li><li>Tipo de Cama: cama grande tama\u00f1o king o una cama de dos plazas y media.<\/li><li>32 metros<\/li><\/ul>\t\t\t\t\t\t<\/div>\n\t\t\t\t<\/div>\n\t\t\t\t\t<\/div>\n\t\t<\/div>\n\t\t\t\t\t\t\t<\/div>\n\t\t<\/section>\n\t\t\t\t<section class=\"elementor-section elementor-top-section elementor-element elementor-element-6c62cfff elementor-section-boxed elementor-section-height-default elementor-section-height-default\" data-id=\"6c62cfff\" data-element_type=\"section\">\n\t\t\t\t\t\t<div class=\"elementor-container elementor-column-gap-default\">\n\t\t\t\t\t<div class=\"elementor-column elementor-col-100 elementor-top-column elementor-element elementor-element-59570e79\" data-id=\"59570e79\" data-element_type=\"column\">\n\t\t\t<div class=\"elementor-widget-wrap elementor-element-populated\">\n\t\t\t\t\t\t\t\t<div class=\"elementor-element elementor-element-7f64256 elementor-align-center elementor-widget elementor-widget-button\" data-id=\"7f64256\" data-element_type=\"widget\" data-widget_type=\"button.default\">\n\t\t\t\t<div class=\"elementor-widget-container\">\n\t\t\t\t\t<div class=\"elementor-button-wrapper\">\n\t\t\t<a class=\"elementor-button elementor-button-link elementor-size-lg\" href=\"https:\/\/www.hpuebloviejo.com.ec\/web\/book-online\/\">\n\t\t\t\t\t\t<span class=\"elementor-button-content-wrapper\">\n\t\t\t\t\t\t<span class=\"elementor-button-text\">Reserva Ahora!<\/span>\n\t\t<\/span>\n\t\t\t\t\t<\/a>\n\t\t<\/div>\n\t\t\t\t<\/div>\n\t\t\t\t<\/div>\n\t\t\t\t\t<\/div>\n\t\t<\/div>\n\t\t\t\t\t\t\t<\/div>\n\t\t<\/section>\n\t\t\t\t\t\t\t<\/div>\n\t\t","protected":false},"excerpt":{"rendered":"<p>Triple Matrimonial Matrimonial Matrimonial Matrimonial Con una armoniosa y relajante decoraci\u00f3n en tonos tierra, las habitaciones triples tienen tres camas de dos plazas con vista a los jardines. Suelos de ceramica y madera aportan un ambiente muy acogedor. Los ba\u00f1os <a href=\"https:\/\/www.hpuebloviejo.com.ec\/web\/triple\/\" class=\"more-link\">Read More<\/a><\/p>\n","protected":false},"author":1,"featured_media":0,"parent":0,"menu_order":0,"comment_status":"closed","ping_status":"closed","template":"","meta":{"footnotes":""},"class_list":["post-812","page","type-page","status-publish","hentry"],"_links":{"self":[{"href":"https:\/\/www.hpuebloviejo.com.ec\/web\/wp-json\/wp\/v2\/pages\/812","targetHints":{"allow":["GET"]}}],"collection":[{"href":"https:\/\/www.hpuebloviejo.com.ec\/web\/wp-json\/wp\/v2\/pages"}],"about":[{"href":"https:\/\/www.hpuebloviejo.com.ec\/web\/wp-json\/wp\/v2\/types\/page"}],"author":[{"embeddable":true,"href":"https:\/\/www.hpuebloviejo.com.ec\/web\/wp-json\/wp\/v2\/users\/1"}],"replies":[{"embeddable":true,"href":"https:\/\/www.hpuebloviejo.com.ec\/web\/wp-json\/wp\/v2\/comments?post=812"}],"version-history":[{"count":16,"href":"https:\/\/www.hpuebloviejo.com.ec\/web\/wp-json\/wp\/v2\/pages\/812\/revisions"}],"predecessor-version":[{"id":1087,"href":"https:\/\/www.hpuebloviejo.com.ec\/web\/wp-json\/wp\/v2\/pages\/812\/revisions\/1087"}],"wp:attachment":[{"href":"https:\/\/www.hpuebloviejo.com.ec\/web\/wp-json\/wp\/v2\/media?parent=812"}],"curies":[{"name":"wp","href":"https:\/\/api.w.org\/{rel}","templated":true}]}}