{"id":736,"date":"2021-03-30T03:06:35","date_gmt":"2021-03-30T03:06:35","guid":{"rendered":"https:\/\/www.hpuebloviejo.com.ec\/web\/?page_id=736"},"modified":"2021-04-04T03:30:09","modified_gmt":"2021-04-04T03:30:09","slug":"habitacion-familiar","status":"publish","type":"page","link":"https:\/\/www.hpuebloviejo.com.ec\/web\/habitacion-familiar\/","title":{"rendered":"Doble Twin"},"content":{"rendered":"\t\t<div data-elementor-type=\"wp-page\" data-elementor-id=\"736\" class=\"elementor elementor-736\">\n\t\t\t\t\t\t\t\t\t<section class=\"elementor-section elementor-top-section elementor-element elementor-element-7b5b11e elementor-section-boxed elementor-section-height-default elementor-section-height-default\" data-id=\"7b5b11e\" data-element_type=\"section\">\n\t\t\t\t\t\t<div class=\"elementor-container elementor-column-gap-default\">\n\t\t\t\t\t<div class=\"elementor-column elementor-col-100 elementor-top-column elementor-element elementor-element-24482d7\" data-id=\"24482d7\" data-element_type=\"column\">\n\t\t\t<div class=\"elementor-widget-wrap elementor-element-populated\">\n\t\t\t\t\t\t\t\t<div class=\"elementor-element elementor-element-330832d elementor-widget elementor-widget-heading\" data-id=\"330832d\" data-element_type=\"widget\" data-widget_type=\"heading.default\">\n\t\t\t\t<div class=\"elementor-widget-container\">\n\t\t\t<h2 class=\"elementor-heading-title elementor-size-default\">Doble Twin<\/h2>\t\t<\/div>\n\t\t\t\t<\/div>\n\t\t\t\t\t<\/div>\n\t\t<\/div>\n\t\t\t\t\t\t\t<\/div>\n\t\t<\/section>\n\t\t\t\t<section class=\"elementor-section elementor-top-section elementor-element elementor-element-2d00762 elementor-section-boxed elementor-section-height-default elementor-section-height-default\" data-id=\"2d00762\" data-element_type=\"section\">\n\t\t\t\t\t\t<div class=\"elementor-container elementor-column-gap-default\">\n\t\t\t\t\t<div class=\"elementor-column elementor-col-100 elementor-top-column elementor-element elementor-element-ccce734\" data-id=\"ccce734\" data-element_type=\"column\">\n\t\t\t<div class=\"elementor-widget-wrap elementor-element-populated\">\n\t\t\t\t\t\t\t\t<div class=\"elementor-element elementor-element-a9227e9 elementor-widget elementor-widget-shortcode\" data-id=\"a9227e9\" data-element_type=\"widget\" data-widget_type=\"shortcode.default\">\n\t\t\t\t<div class=\"elementor-widget-container\">\n\t\t\t\t\t<div class=\"elementor-shortcode\"><div class=\"huzzazWrapper\"><div class=\"hzload\" style=\"width: 200px; padding: 10px; border-radius: 5px; margin: auto; text-align: center; background-color: #fff;\"><img decoding=\"async\" src=\"\/\/huzzaz.com\/images\/hzload.gif\" style=\"width:75px;\" alt=\"loading videos\"\/><div>Loading Videos...<\/div><\/div><iframe class=\"hzframe\" src=\"https:\/\/huzzaz.com\/embed\/??vpp=?&#038;bg=?&#038;color=?&#038;button=?&#038;highlight=?\" height=\"0\" width=\"100%\" frameborder=\"0\" webkitAllowFullScreen mozallowfullscreen allowFullScreen allowTransparency=\"true\"><\/iframe><script src=\"https:\/\/huzzaz.com\/js\/hzframe.js\"><\/script><\/div><\/div>\n\t\t\t\t<\/div>\n\t\t\t\t<\/div>\n\t\t\t\t\t<\/div>\n\t\t<\/div>\n\t\t\t\t\t\t\t<\/div>\n\t\t<\/section>\n\t\t\t\t<section class=\"elementor-section elementor-top-section elementor-element elementor-element-17388be1 elementor-section-boxed elementor-section-height-default elementor-section-height-default\" data-id=\"17388be1\" data-element_type=\"section\">\n\t\t\t\t\t\t<div class=\"elementor-container elementor-column-gap-default\">\n\t\t\t\t\t<div class=\"elementor-column elementor-col-100 elementor-top-column elementor-element elementor-element-678f6f79\" data-id=\"678f6f79\" data-element_type=\"column\">\n\t\t\t<div class=\"elementor-widget-wrap elementor-element-populated\">\n\t\t\t\t\t\t\t\t<div class=\"elementor-element elementor-element-4c487139 elementor-widget elementor-widget-text-editor\" data-id=\"4c487139\" data-element_type=\"widget\" data-widget_type=\"text-editor.default\">\n\t\t\t\t<div class=\"elementor-widget-container\">\n\t\t\t\t\t\t\t<p>Con una armoniosa y relajante decoraci\u00f3n en tonos tierra, las habitaciones dobles tienen dos camas de dos plazas o queen size con vista a los jardines. Suelos de ceramica y madera aportan un ambiente muy acogedor.<\/p><p>Los ba\u00f1os construidos en cer\u00e1mica tipo piedra natural, con ducha, son \u00edntimos y agradables. Habitaciones en la 1\u00aa y 2\u00aa planta. Ocupaci\u00f3n m\u00e1x. 2 personas adultas y 1 ni\u00f1o. Cuna gratuita.<\/p>\t\t\t\t\t\t<\/div>\n\t\t\t\t<\/div>\n\t\t\t\t\t<\/div>\n\t\t<\/div>\n\t\t\t\t\t\t\t<\/div>\n\t\t<\/section>\n\t\t\t\t<section class=\"elementor-section elementor-top-section elementor-element elementor-element-1ce903f1 elementor-section-boxed elementor-section-height-default elementor-section-height-default\" data-id=\"1ce903f1\" data-element_type=\"section\">\n\t\t\t\t\t\t<div class=\"elementor-container elementor-column-gap-default\">\n\t\t\t\t\t<div class=\"elementor-column elementor-col-100 elementor-top-column elementor-element elementor-element-3e06c807\" data-id=\"3e06c807\" data-element_type=\"column\">\n\t\t\t<div class=\"elementor-widget-wrap elementor-element-populated\">\n\t\t\t\t\t\t\t\t<div class=\"elementor-element elementor-element-7e05f067 elementor-widget-divider--separator-type-pattern elementor-widget-divider--view-line elementor-widget elementor-widget-divider\" data-id=\"7e05f067\" data-element_type=\"widget\" data-widget_type=\"divider.default\">\n\t\t\t\t<div class=\"elementor-widget-container\">\n\t\t\t\t\t<div class=\"elementor-divider\" style=\"--divider-pattern-url: url(&quot;data:image\/svg+xml,%3Csvg xmlns=&#039;http:\/\/www.w3.org\/2000\/svg&#039; preserveAspectRatio=&#039;none&#039; overflow=&#039;visible&#039; height=&#039;100%&#039; viewBox=&#039;0 0 20 16&#039; fill=&#039;none&#039; stroke=&#039;black&#039; stroke-width=&#039;1&#039; stroke-linecap=&#039;square&#039; stroke-miterlimit=&#039;10&#039;%3E%3Cg transform=&#039;translate(-12.000000, 0)&#039;%3E%3Cpath d=&#039;M28,0L10,18&#039;\/%3E%3Cpath d=&#039;M18,0L0,18&#039;\/%3E%3Cpath d=&#039;M48,0L30,18&#039;\/%3E%3Cpath d=&#039;M38,0L20,18&#039;\/%3E%3C\/g%3E%3C\/svg%3E&quot;);\">\n\t\t\t<span class=\"elementor-divider-separator\">\n\t\t\t\t\t\t<\/span>\n\t\t<\/div>\n\t\t\t\t<\/div>\n\t\t\t\t<\/div>\n\t\t\t\t<div class=\"elementor-element elementor-element-5edd546d elementor-widget elementor-widget-text-editor\" data-id=\"5edd546d\" data-element_type=\"widget\" data-widget_type=\"text-editor.default\">\n\t\t\t\t<div class=\"elementor-widget-container\">\n\t\t\t\t\t\t\t<h3><strong>Servicios en habitaci\u00f3n:<\/strong>\u00a0<\/h3><ul class=\"servicios\"><li>Wifi Gratuito<\/li><li>Habitaciones libres de humo<\/li><li>Botella de agua de cortes\u00eda\u00a0<\/li><li>Productos de ba\u00f1o, respetuosos con el medio ambiente.<\/li><li>Tipo de Cama: cama grande tama\u00f1o king o una cama de dos plazas y media.<\/li><li>32 metros<\/li><\/ul>\t\t\t\t\t\t<\/div>\n\t\t\t\t<\/div>\n\t\t\t\t\t<\/div>\n\t\t<\/div>\n\t\t\t\t\t\t\t<\/div>\n\t\t<\/section>\n\t\t\t\t<section class=\"elementor-section elementor-top-section elementor-element elementor-element-aed3b7a elementor-section-boxed elementor-section-height-default elementor-section-height-default\" data-id=\"aed3b7a\" data-element_type=\"section\">\n\t\t\t\t\t\t<div class=\"elementor-container elementor-column-gap-default\">\n\t\t\t\t\t<div class=\"elementor-column elementor-col-100 elementor-top-column elementor-element elementor-element-97fcec7\" data-id=\"97fcec7\" data-element_type=\"column\">\n\t\t\t<div class=\"elementor-widget-wrap elementor-element-populated\">\n\t\t\t\t\t\t\t\t<div class=\"elementor-element elementor-element-d356a3d elementor-align-center elementor-widget elementor-widget-button\" data-id=\"d356a3d\" data-element_type=\"widget\" data-widget_type=\"button.default\">\n\t\t\t\t<div class=\"elementor-widget-container\">\n\t\t\t\t\t<div class=\"elementor-button-wrapper\">\n\t\t\t<a class=\"elementor-button elementor-button-link elementor-size-xl\" href=\"https:\/\/www.hpuebloviejo.com.ec\/web\/book-online\/?preview_id=137&#038;preview_nonce=939e2ce8da&#038;preview=true&#038;_thumbnail_id=486\">\n\t\t\t\t\t\t<span class=\"elementor-button-content-wrapper\">\n\t\t\t\t\t\t<span class=\"elementor-button-text\">Reserva Ahora!<\/span>\n\t\t<\/span>\n\t\t\t\t\t<\/a>\n\t\t<\/div>\n\t\t\t\t<\/div>\n\t\t\t\t<\/div>\n\t\t\t\t\t<\/div>\n\t\t<\/div>\n\t\t\t\t\t\t\t<\/div>\n\t\t<\/section>\n\t\t\t\t\t\t\t<\/div>\n\t\t","protected":false},"excerpt":{"rendered":"<p>Doble Twin Con una armoniosa y relajante decoraci\u00f3n en tonos tierra, las habitaciones dobles tienen dos camas de dos plazas o queen size con vista a los jardines. Suelos de ceramica y madera aportan un ambiente muy acogedor. Los ba\u00f1os <a href=\"https:\/\/www.hpuebloviejo.com.ec\/web\/habitacion-familiar\/\" class=\"more-link\">Read More<\/a><\/p>\n","protected":false},"author":1,"featured_media":0,"parent":0,"menu_order":0,"comment_status":"closed","ping_status":"closed","template":"","meta":{"footnotes":""},"class_list":["post-736","page","type-page","status-publish","hentry"],"_links":{"self":[{"href":"https:\/\/www.hpuebloviejo.com.ec\/web\/wp-json\/wp\/v2\/pages\/736","targetHints":{"allow":["GET"]}}],"collection":[{"href":"https:\/\/www.hpuebloviejo.com.ec\/web\/wp-json\/wp\/v2\/pages"}],"about":[{"href":"https:\/\/www.hpuebloviejo.com.ec\/web\/wp-json\/wp\/v2\/types\/page"}],"author":[{"embeddable":true,"href":"https:\/\/www.hpuebloviejo.com.ec\/web\/wp-json\/wp\/v2\/users\/1"}],"replies":[{"embeddable":true,"href":"https:\/\/www.hpuebloviejo.com.ec\/web\/wp-json\/wp\/v2\/comments?post=736"}],"version-history":[{"count":34,"href":"https:\/\/www.hpuebloviejo.com.ec\/web\/wp-json\/wp\/v2\/pages\/736\/revisions"}],"predecessor-version":[{"id":1090,"href":"https:\/\/www.hpuebloviejo.com.ec\/web\/wp-json\/wp\/v2\/pages\/736\/revisions\/1090"}],"wp:attachment":[{"href":"https:\/\/www.hpuebloviejo.com.ec\/web\/wp-json\/wp\/v2\/media?parent=736"}],"curies":[{"name":"wp","href":"https:\/\/api.w.org\/{rel}","templated":true}]}}